{"id":625,"date":"2026-01-07T17:52:58","date_gmt":"2026-01-07T17:52:58","guid":{"rendered":"https:\/\/ritmohits.com\/?page_id=625"},"modified":"2026-01-09T21:44:53","modified_gmt":"2026-01-09T21:44:53","slug":"home","status":"publish","type":"page","link":"https:\/\/ritmohits.com\/","title":{"rendered":""},"content":{"rendered":"\t\t<div data-elementor-type=\"wp-page\" data-elementor-id=\"625\" class=\"elementor elementor-625\">\n\t\t\t\t<div class=\"elementor-element elementor-element-992281c e-flex e-con-boxed e-con e-parent\" data-id=\"992281c\" data-element_type=\"container\" data-settings=\"{&quot;background_background&quot;:&quot;gradient&quot;}\">\n\t\t\t\t\t<div class=\"e-con-inner\">\n\t\t\t\t<div class=\"elementor-element elementor-element-4ec7a3d e-transform elementor-widget elementor-widget-image\" data-id=\"4ec7a3d\" data-element_type=\"widget\" data-settings=\"{&quot;_transform_scale_effect&quot;:{&quot;unit&quot;:&quot;px&quot;,&quot;size&quot;:&quot;&quot;,&quot;sizes&quot;:[]},&quot;_transform_scale_effect_tablet&quot;:{&quot;unit&quot;:&quot;px&quot;,&quot;size&quot;:&quot;&quot;,&quot;sizes&quot;:[]},&quot;_transform_scale_effect_mobile&quot;:{&quot;unit&quot;:&quot;px&quot;,&quot;size&quot;:&quot;&quot;,&quot;sizes&quot;:[]}}\" data-widget_type=\"image.default\">\n\t\t\t\t<div class=\"elementor-widget-container\">\n\t\t\t\t\t\t\t\t\t\t\t\t\t\t\t<img fetchpriority=\"high\" decoding=\"async\" width=\"768\" height=\"280\" src=\"https:\/\/ritmohits.com\/wp-content\/uploads\/2026\/01\/LOGOS-RITMO-HITS-SOLO-LETRAS-2-768x280.png\" class=\"attachment-medium_large size-medium_large wp-image-723\" alt=\"\" srcset=\"https:\/\/ritmohits.com\/wp-content\/uploads\/2026\/01\/LOGOS-RITMO-HITS-SOLO-LETRAS-2-768x280.png 768w, https:\/\/ritmohits.com\/wp-content\/uploads\/2026\/01\/LOGOS-RITMO-HITS-SOLO-LETRAS-2-300x110.png 300w, https:\/\/ritmohits.com\/wp-content\/uploads\/2026\/01\/LOGOS-RITMO-HITS-SOLO-LETRAS-2-1024x374.png 1024w, https:\/\/ritmohits.com\/wp-content\/uploads\/2026\/01\/LOGOS-RITMO-HITS-SOLO-LETRAS-2-1536x561.png 1536w, https:\/\/ritmohits.com\/wp-content\/uploads\/2026\/01\/LOGOS-RITMO-HITS-SOLO-LETRAS-2-600x219.png 600w, https:\/\/ritmohits.com\/wp-content\/uploads\/2026\/01\/LOGOS-RITMO-HITS-SOLO-LETRAS-2.png 1728w\" sizes=\"(max-width: 768px) 100vw, 768px\" \/>\t\t\t\t\t\t\t\t\t\t\t\t\t\t\t<\/div>\n\t\t\t\t<\/div>\n\t\t\t\t<div class=\"elementor-element elementor-element-193a644 elementor-widget elementor-widget-shortcode\" data-id=\"193a644\" data-element_type=\"widget\" data-widget_type=\"shortcode.default\">\n\t\t\t\t<div class=\"elementor-widget-container\">\n\t\t\t\t\t\t\t<div class=\"elementor-shortcode\"><div class=\"radio_player\" data-player-type=\"shortcode\"data-data=\"eyJpZCI6MiwidGl0bGUiOiJQbGF5ZXIgVGl0bGUiLCJzdGlja3kiOmZhbHNlLCJzdGF0dXMiOnRydWUsInNraW4iOiJza2luMiIsInN0YXRpb25zIjpbeyJ0aXRsZSI6IlJJVE1PSElUUyBGTSIsInN0cmVhbSI6Imh0dHBzOlwvXC9zZXJ2ZXI3MC5zZXJ2aXN0cmVhbWluZy5jb206ODkyOVwvc3RyZWFtIiwidGh1bWJuYWlsIjoiaHR0cHM6XC9cL3JpdG1vaGl0cy5jb21cL3dwLWNvbnRlbnRcL3VwbG9hZHNcLzIwMjZcLzAxXC9MT0dPUy1SSVRNTy1ISVRTLTUxMlg1MTItMS5wbmcifV0sInBvcHVwX2ljb24iOmZhbHNlLCJwbGF5bGlzdF9pY29uIjpmYWxzZSwiaGlzdG9yeV9pY29uIjpmYWxzZSwidm9sdW1lX2NvbnRyb2wiOnRydWUsInBsYXllcl9zdGF0dXMiOnRydWUsInNob3dfYXJ0aXN0IjpmYWxzZSwic2hvd19hcnR3b3JrIjpmYWxzZSwicGxheWVyX3RleHQiOiJMaXN0ZW4gTGl2ZSIsIndpZHRoIjozNTAsIndpZHRoX21vYmlsZSI6MzIwLCJib3JkZXJfcmFkaXVzIjoxMCwiYmdfY29sb3IiOiIjNTU4MUE0IiwiYmdfaW1hZ2UiOiJodHRwczpcL1wvcml0bW9oaXRzLmNvbVwvd3AtY29udGVudFwvcGx1Z2luc1wvcmFkaW8tcGxheWVyXC9hc3NldHNcL2ltYWdlc1wvcGxheWVyLWJnLnBuZyIsImJnX3R5cGUiOiJjb2xvciIsImNvbG9yX3R5cGUiOiJzb2xpZCIsInRleHRfY29sb3IiOiIjZmZmIiwid2lkdGhfZGV2aWNlIjoiZGVza3RvcCIsInNob3dfdGl0bGUiOnRydWUsImJveF9zaGFkb3ciOnRydWUsImJveF9zaGFkb3dfaCI6MCwiYm94X3NoYWRvd19jb2xvciI6InJnYmEoMCwgMCwgMCwgMC40NSkiLCJib3hfc2hhZG93X2JsdXIiOjIwLCJib3hfc2hhZG93X3NwcmVhZCI6LTI1LCJib3hfc2hhZG93X3YiOjI1LCJib3hfc2hhZG93X3R5cGUiOiIifQ==\"><\/div> <\/div>\n\t\t\t\t\t\t<\/div>\n\t\t\t\t<\/div>\n\t\t\t\t<div class=\"elementor-element elementor-element-03126c4 elementor-widget elementor-widget-heading\" data-id=\"03126c4\" data-element_type=\"widget\" data-widget_type=\"heading.default\">\n\t\t\t\t<div class=\"elementor-widget-container\">\n\t\t\t\t\t<h4 class=\"elementor-heading-title elementor-size-default\">ESCUCHA EN VIVO TUS \u00c9XITOS FAVORITOS<\/h4>\t\t\t\t<\/div>\n\t\t\t\t<\/div>\n\t\t\t\t<div class=\"elementor-element elementor-element-68a319c elementor-widget elementor-widget-sbi-widget\" data-id=\"68a319c\" data-element_type=\"widget\" data-widget_type=\"sbi-widget.default\">\n\t\t\t\t<div class=\"elementor-widget-container\">\n\t\t\t\t\t\n<div id=\"sb_instagram\"  class=\"sbi sbi_mob_col_5 sbi_tab_col_5 sbi_col_5 sbi_width_resp\" style=\"padding-bottom: 6px;\" data-feedid=\"*1\"  data-res=\"auto\" data-cols=\"5\" data-colsmobile=\"5\" data-colstablet=\"5\" data-num=\"3\" data-nummobile=\"3\" data-item-padding=\"3\" data-shortcode-atts=\"{&quot;feed&quot;:&quot;1&quot;}\"  data-postid=\"625\" data-locatornonce=\"b50b1b4cd4\" data-sbi-flags=\"favorLocal\">\n\t<div class=\"sb_instagram_header  sbi_medium\"   >\n\t<a class=\"sbi_header_link\" target=\"_blank\" rel=\"nofollow noopener\" href=\"https:\/\/www.instagram.com\/ritmohitsfm\/\" title=\"@ritmohitsfm\">\n\t\t<div class=\"sbi_header_text\">\n\t\t\t<div class=\"sbi_header_img\"  data-avatar-url=\"https:\/\/scontent-ord5-3.cdninstagram.com\/v\/t51.2885-19\/403823935_1019866879065309_5266800636172644534_n.jpg?stp=dst-jpg_s206x206_tt6&amp;_nc_cat=106&amp;ccb=7-5&amp;_nc_sid=bf7eb4&amp;efg=eyJ2ZW5jb2RlX3RhZyI6InByb2ZpbGVfcGljLnd3dy4xMDgwLkMzIn0%3D&amp;_nc_ohc=BIITmeN81yEQ7kNvwFmVHk5&amp;_nc_oc=AdmLDEn0Bc8IfKiDDRQFBwwZKkLp2FXZL8b0ejJ7t3gEeVOol9Ht31qB_JfpPMZxue0&amp;_nc_zt=24&amp;_nc_ht=scontent-ord5-3.cdninstagram.com&amp;edm=AP4hL3IEAAAA&amp;_nc_tpa=Q5bMBQHgjjqczadQ5Y7HE-i1BDgOjmRUMP59CyoRvUsFLR0hDwn6NO_1SqaSOxxccEVRO5FAaoebhagTjg&amp;oh=00_Afv-Z02tT4H0lwCmwM--6BmbZeLTef9DaJqDWkX49lbDGA&amp;oe=69859CFE\">\n\t\t\t\t\t\t\t\t\t<div class=\"sbi_header_img_hover\"  ><svg class=\"sbi_new_logo fa-instagram fa-w-14\" aria-hidden=\"true\" data-fa-processed=\"\" aria-label=\"Instagram\" data-prefix=\"fab\" data-icon=\"instagram\" role=\"img\" viewBox=\"0 0 448 512\">\n\t                <path fill=\"currentColor\" d=\"M224.1 141c-63.6 0-114.9 51.3-114.9 114.9s51.3 114.9 114.9 114.9S339 319.5 339 255.9 287.7 141 224.1 141zm0 189.6c-41.1 0-74.7-33.5-74.7-74.7s33.5-74.7 74.7-74.7 74.7 33.5 74.7 74.7-33.6 74.7-74.7 74.7zm146.4-194.3c0 14.9-12 26.8-26.8 26.8-14.9 0-26.8-12-26.8-26.8s12-26.8 26.8-26.8 26.8 12 26.8 26.8zm76.1 27.2c-1.7-35.9-9.9-67.7-36.2-93.9-26.2-26.2-58-34.4-93.9-36.2-37-2.1-147.9-2.1-184.9 0-35.8 1.7-67.6 9.9-93.9 36.1s-34.4 58-36.2 93.9c-2.1 37-2.1 147.9 0 184.9 1.7 35.9 9.9 67.7 36.2 93.9s58 34.4 93.9 36.2c37 2.1 147.9 2.1 184.9 0 35.9-1.7 67.7-9.9 93.9-36.2 26.2-26.2 34.4-58 36.2-93.9 2.1-37 2.1-147.8 0-184.8zM398.8 388c-7.8 19.6-22.9 34.7-42.6 42.6-29.5 11.7-99.5 9-132.1 9s-102.7 2.6-132.1-9c-19.6-7.8-34.7-22.9-42.6-42.6-11.7-29.5-9-99.5-9-132.1s-2.6-102.7 9-132.1c7.8-19.6 22.9-34.7 42.6-42.6 29.5-11.7 99.5-9 132.1-9s102.7-2.6 132.1 9c19.6 7.8 34.7 22.9 42.6 42.6 11.7 29.5 9 99.5 9 132.1s2.7 102.7-9 132.1z\"><\/path>\n\t            <\/svg><\/div>\n\t\t\t\t\t<img decoding=\"async\"  src=\"https:\/\/ritmohits.com\/wp-content\/uploads\/2023\/11\/e3c88750-06a0-45e6-a3ba-cb77d66685c3.jpg\" alt=\"ritmohits fm\" width=\"50\" height=\"50\">\n\t\t\t\t\t\t\t\t\t\t\t<\/div>\n\n\t\t\t<div class=\"sbi_feedtheme_header_text\">\n\t\t\t\t<h3>ritmohitsfm<\/h3>\n\t\t\t\t\t\t\t\t\t<p class=\"sbi_bio\">\ud83c\udfa7 Con tus \u00e9xitos favoritos \ud83c\udfa7<br>\nM\u00fasica, noticias, conciertos y m\u00e1s.<\/p>\n\t\t\t\t\t\t\t<\/div>\n\t\t<\/div>\n\t<\/a>\n<\/div>\n\n    <div id=\"sbi_images\"  style=\"gap: 6px;\">\n\t\t<div class=\"sbi_item sbi_type_image sbi_new sbi_transition\" id=\"sbi_18102885220748585\" data-date=\"1767817460\">\n    <div class=\"sbi_photo_wrap\">\n        <a class=\"sbi_photo\" href=\"https:\/\/www.instagram.com\/p\/DTOQdGzDxE5\/\" target=\"_blank\" rel=\"noopener nofollow\" data-full-res=\"https:\/\/scontent-ord5-1.cdninstagram.com\/v\/t51.82787-15\/608850502_17946235287089724_5540452455747438596_n.jpg?stp=dst-jpg_e35_tt6&#038;_nc_cat=111&#038;ccb=7-5&#038;_nc_sid=18de74&#038;efg=eyJlZmdfdGFnIjoiRkVFRC5iZXN0X2ltYWdlX3VybGdlbi5DMyJ9&#038;_nc_ohc=FU3XTh7d4AMQ7kNvwGat7dG&#038;_nc_oc=AdmzavIKN7CqaeVEp5MYs5weVeSGYnzaBrnjL4pfrwmUMV7Z5GIOreOG9hWl-WqnYd0&#038;_nc_zt=23&#038;_nc_ht=scontent-ord5-1.cdninstagram.com&#038;edm=ANo9K5cEAAAA&#038;_nc_gid=0rH1hVWV--nG9SVFKIh87g&#038;oh=00_AfuIh-ylR_mrM9TY_PEd2el5eRDBLKlaJsiSOTO2p9d5Bw&#038;oe=6985A894\" data-img-src-set=\"{&quot;d&quot;:&quot;https:\\\/\\\/scontent-ord5-1.cdninstagram.com\\\/v\\\/t51.82787-15\\\/608850502_17946235287089724_5540452455747438596_n.jpg?stp=dst-jpg_e35_tt6&amp;_nc_cat=111&amp;ccb=7-5&amp;_nc_sid=18de74&amp;efg=eyJlZmdfdGFnIjoiRkVFRC5iZXN0X2ltYWdlX3VybGdlbi5DMyJ9&amp;_nc_ohc=FU3XTh7d4AMQ7kNvwGat7dG&amp;_nc_oc=AdmzavIKN7CqaeVEp5MYs5weVeSGYnzaBrnjL4pfrwmUMV7Z5GIOreOG9hWl-WqnYd0&amp;_nc_zt=23&amp;_nc_ht=scontent-ord5-1.cdninstagram.com&amp;edm=ANo9K5cEAAAA&amp;_nc_gid=0rH1hVWV--nG9SVFKIh87g&amp;oh=00_AfuIh-ylR_mrM9TY_PEd2el5eRDBLKlaJsiSOTO2p9d5Bw&amp;oe=6985A894&quot;,&quot;150&quot;:&quot;https:\\\/\\\/scontent-ord5-1.cdninstagram.com\\\/v\\\/t51.82787-15\\\/608850502_17946235287089724_5540452455747438596_n.jpg?stp=dst-jpg_e35_tt6&amp;_nc_cat=111&amp;ccb=7-5&amp;_nc_sid=18de74&amp;efg=eyJlZmdfdGFnIjoiRkVFRC5iZXN0X2ltYWdlX3VybGdlbi5DMyJ9&amp;_nc_ohc=FU3XTh7d4AMQ7kNvwGat7dG&amp;_nc_oc=AdmzavIKN7CqaeVEp5MYs5weVeSGYnzaBrnjL4pfrwmUMV7Z5GIOreOG9hWl-WqnYd0&amp;_nc_zt=23&amp;_nc_ht=scontent-ord5-1.cdninstagram.com&amp;edm=ANo9K5cEAAAA&amp;_nc_gid=0rH1hVWV--nG9SVFKIh87g&amp;oh=00_AfuIh-ylR_mrM9TY_PEd2el5eRDBLKlaJsiSOTO2p9d5Bw&amp;oe=6985A894&quot;,&quot;320&quot;:&quot;https:\\\/\\\/scontent-ord5-1.cdninstagram.com\\\/v\\\/t51.82787-15\\\/608850502_17946235287089724_5540452455747438596_n.jpg?stp=dst-jpg_e35_tt6&amp;_nc_cat=111&amp;ccb=7-5&amp;_nc_sid=18de74&amp;efg=eyJlZmdfdGFnIjoiRkVFRC5iZXN0X2ltYWdlX3VybGdlbi5DMyJ9&amp;_nc_ohc=FU3XTh7d4AMQ7kNvwGat7dG&amp;_nc_oc=AdmzavIKN7CqaeVEp5MYs5weVeSGYnzaBrnjL4pfrwmUMV7Z5GIOreOG9hWl-WqnYd0&amp;_nc_zt=23&amp;_nc_ht=scontent-ord5-1.cdninstagram.com&amp;edm=ANo9K5cEAAAA&amp;_nc_gid=0rH1hVWV--nG9SVFKIh87g&amp;oh=00_AfuIh-ylR_mrM9TY_PEd2el5eRDBLKlaJsiSOTO2p9d5Bw&amp;oe=6985A894&quot;,&quot;640&quot;:&quot;https:\\\/\\\/scontent-ord5-1.cdninstagram.com\\\/v\\\/t51.82787-15\\\/608850502_17946235287089724_5540452455747438596_n.jpg?stp=dst-jpg_e35_tt6&amp;_nc_cat=111&amp;ccb=7-5&amp;_nc_sid=18de74&amp;efg=eyJlZmdfdGFnIjoiRkVFRC5iZXN0X2ltYWdlX3VybGdlbi5DMyJ9&amp;_nc_ohc=FU3XTh7d4AMQ7kNvwGat7dG&amp;_nc_oc=AdmzavIKN7CqaeVEp5MYs5weVeSGYnzaBrnjL4pfrwmUMV7Z5GIOreOG9hWl-WqnYd0&amp;_nc_zt=23&amp;_nc_ht=scontent-ord5-1.cdninstagram.com&amp;edm=ANo9K5cEAAAA&amp;_nc_gid=0rH1hVWV--nG9SVFKIh87g&amp;oh=00_AfuIh-ylR_mrM9TY_PEd2el5eRDBLKlaJsiSOTO2p9d5Bw&amp;oe=6985A894&quot;}\">\n            <span class=\"sbi-screenreader\">Instagram post 18102885220748585<\/span>\n            \t                    <img decoding=\"async\" src=\"https:\/\/ritmohits.com\/wp-content\/plugins\/instagram-feed\/img\/placeholder.png\" alt=\"Instagram post 18102885220748585\">\n        <\/a>\n    <\/div>\n<\/div><div class=\"sbi_item sbi_type_image sbi_new sbi_transition\" id=\"sbi_18093522703574328\" data-date=\"1746317631\">\n    <div class=\"sbi_photo_wrap\">\n        <a class=\"sbi_photo\" href=\"https:\/\/www.instagram.com\/p\/DJNgyQZPCJ7\/\" target=\"_blank\" rel=\"noopener nofollow\" data-full-res=\"https:\/\/scontent-ord5-3.cdninstagram.com\/v\/t51.75761-15\/495348313_17918783595089724_4080527579841184549_n.jpg?stp=dst-jpg_e35_tt6&#038;_nc_cat=110&#038;ccb=7-5&#038;_nc_sid=18de74&#038;efg=eyJlZmdfdGFnIjoiRkVFRC5iZXN0X2ltYWdlX3VybGdlbi5DMyJ9&#038;_nc_ohc=yM3lviEk65MQ7kNvwFwbXuS&#038;_nc_oc=Adk_KBw895_0ZPxBnYD0vuSazPJYf_o0I-mNqvkNzOOJDZ78LuJgOFh8T8yjrqfG45s&#038;_nc_zt=23&#038;_nc_ht=scontent-ord5-3.cdninstagram.com&#038;edm=ANo9K5cEAAAA&#038;_nc_gid=0rH1hVWV--nG9SVFKIh87g&#038;oh=00_Afsq0dLgJi1iIy_Nps0fRN9PK3PbDvcToJexW2YN65s2QQ&#038;oe=6985A84C\" data-img-src-set=\"{&quot;d&quot;:&quot;https:\\\/\\\/scontent-ord5-3.cdninstagram.com\\\/v\\\/t51.75761-15\\\/495348313_17918783595089724_4080527579841184549_n.jpg?stp=dst-jpg_e35_tt6&amp;_nc_cat=110&amp;ccb=7-5&amp;_nc_sid=18de74&amp;efg=eyJlZmdfdGFnIjoiRkVFRC5iZXN0X2ltYWdlX3VybGdlbi5DMyJ9&amp;_nc_ohc=yM3lviEk65MQ7kNvwFwbXuS&amp;_nc_oc=Adk_KBw895_0ZPxBnYD0vuSazPJYf_o0I-mNqvkNzOOJDZ78LuJgOFh8T8yjrqfG45s&amp;_nc_zt=23&amp;_nc_ht=scontent-ord5-3.cdninstagram.com&amp;edm=ANo9K5cEAAAA&amp;_nc_gid=0rH1hVWV--nG9SVFKIh87g&amp;oh=00_Afsq0dLgJi1iIy_Nps0fRN9PK3PbDvcToJexW2YN65s2QQ&amp;oe=6985A84C&quot;,&quot;150&quot;:&quot;https:\\\/\\\/scontent-ord5-3.cdninstagram.com\\\/v\\\/t51.75761-15\\\/495348313_17918783595089724_4080527579841184549_n.jpg?stp=dst-jpg_e35_tt6&amp;_nc_cat=110&amp;ccb=7-5&amp;_nc_sid=18de74&amp;efg=eyJlZmdfdGFnIjoiRkVFRC5iZXN0X2ltYWdlX3VybGdlbi5DMyJ9&amp;_nc_ohc=yM3lviEk65MQ7kNvwFwbXuS&amp;_nc_oc=Adk_KBw895_0ZPxBnYD0vuSazPJYf_o0I-mNqvkNzOOJDZ78LuJgOFh8T8yjrqfG45s&amp;_nc_zt=23&amp;_nc_ht=scontent-ord5-3.cdninstagram.com&amp;edm=ANo9K5cEAAAA&amp;_nc_gid=0rH1hVWV--nG9SVFKIh87g&amp;oh=00_Afsq0dLgJi1iIy_Nps0fRN9PK3PbDvcToJexW2YN65s2QQ&amp;oe=6985A84C&quot;,&quot;320&quot;:&quot;https:\\\/\\\/scontent-ord5-3.cdninstagram.com\\\/v\\\/t51.75761-15\\\/495348313_17918783595089724_4080527579841184549_n.jpg?stp=dst-jpg_e35_tt6&amp;_nc_cat=110&amp;ccb=7-5&amp;_nc_sid=18de74&amp;efg=eyJlZmdfdGFnIjoiRkVFRC5iZXN0X2ltYWdlX3VybGdlbi5DMyJ9&amp;_nc_ohc=yM3lviEk65MQ7kNvwFwbXuS&amp;_nc_oc=Adk_KBw895_0ZPxBnYD0vuSazPJYf_o0I-mNqvkNzOOJDZ78LuJgOFh8T8yjrqfG45s&amp;_nc_zt=23&amp;_nc_ht=scontent-ord5-3.cdninstagram.com&amp;edm=ANo9K5cEAAAA&amp;_nc_gid=0rH1hVWV--nG9SVFKIh87g&amp;oh=00_Afsq0dLgJi1iIy_Nps0fRN9PK3PbDvcToJexW2YN65s2QQ&amp;oe=6985A84C&quot;,&quot;640&quot;:&quot;https:\\\/\\\/scontent-ord5-3.cdninstagram.com\\\/v\\\/t51.75761-15\\\/495348313_17918783595089724_4080527579841184549_n.jpg?stp=dst-jpg_e35_tt6&amp;_nc_cat=110&amp;ccb=7-5&amp;_nc_sid=18de74&amp;efg=eyJlZmdfdGFnIjoiRkVFRC5iZXN0X2ltYWdlX3VybGdlbi5DMyJ9&amp;_nc_ohc=yM3lviEk65MQ7kNvwFwbXuS&amp;_nc_oc=Adk_KBw895_0ZPxBnYD0vuSazPJYf_o0I-mNqvkNzOOJDZ78LuJgOFh8T8yjrqfG45s&amp;_nc_zt=23&amp;_nc_ht=scontent-ord5-3.cdninstagram.com&amp;edm=ANo9K5cEAAAA&amp;_nc_gid=0rH1hVWV--nG9SVFKIh87g&amp;oh=00_Afsq0dLgJi1iIy_Nps0fRN9PK3PbDvcToJexW2YN65s2QQ&amp;oe=6985A84C&quot;}\">\n            <span class=\"sbi-screenreader\">La cantante estuvo presente en la presentaci\u00f3n de<\/span>\n            \t                    <img decoding=\"async\" src=\"https:\/\/ritmohits.com\/wp-content\/plugins\/instagram-feed\/img\/placeholder.png\" alt=\"La cantante estuvo presente en la presentaci\u00f3n de su documental \u201cKarol G: Ma\u00f1ana fue muy bonito\u201d. \ud83c\udfac\n\nEscuchanos 24\/7 y el Gospel Soundtrack domingos de 5am - 10am\">\n        <\/a>\n    <\/div>\n<\/div><div class=\"sbi_item sbi_type_image sbi_new sbi_transition\" id=\"sbi_17887269372147678\" data-date=\"1746316669\">\n    <div class=\"sbi_photo_wrap\">\n        <a class=\"sbi_photo\" href=\"https:\/\/www.instagram.com\/p\/DJNe828PWwB\/\" target=\"_blank\" rel=\"noopener nofollow\" data-full-res=\"https:\/\/scontent-ord5-1.cdninstagram.com\/v\/t51.75761-15\/495604429_17918782707089724_3866885550240768643_n.jpg?stp=dst-jpg_e35_tt6&#038;_nc_cat=111&#038;ccb=7-5&#038;_nc_sid=18de74&#038;efg=eyJlZmdfdGFnIjoiRkVFRC5iZXN0X2ltYWdlX3VybGdlbi5DMyJ9&#038;_nc_ohc=giKojesqAs8Q7kNvwEtM_1S&#038;_nc_oc=AdlA-LLFE35mJlzHDKjaVJMecwRCpQhNIF2Rg_uHHOwe15_T15OHlJXrtbn4R0mrmoA&#038;_nc_zt=23&#038;_nc_ht=scontent-ord5-1.cdninstagram.com&#038;edm=ANo9K5cEAAAA&#038;_nc_gid=0rH1hVWV--nG9SVFKIh87g&#038;oh=00_AfsyXgm6D4JgXmBCmDD65CEauLSuXbA4qq31yunOZaDllg&#038;oe=69858209\" data-img-src-set=\"{&quot;d&quot;:&quot;https:\\\/\\\/scontent-ord5-1.cdninstagram.com\\\/v\\\/t51.75761-15\\\/495604429_17918782707089724_3866885550240768643_n.jpg?stp=dst-jpg_e35_tt6&amp;_nc_cat=111&amp;ccb=7-5&amp;_nc_sid=18de74&amp;efg=eyJlZmdfdGFnIjoiRkVFRC5iZXN0X2ltYWdlX3VybGdlbi5DMyJ9&amp;_nc_ohc=giKojesqAs8Q7kNvwEtM_1S&amp;_nc_oc=AdlA-LLFE35mJlzHDKjaVJMecwRCpQhNIF2Rg_uHHOwe15_T15OHlJXrtbn4R0mrmoA&amp;_nc_zt=23&amp;_nc_ht=scontent-ord5-1.cdninstagram.com&amp;edm=ANo9K5cEAAAA&amp;_nc_gid=0rH1hVWV--nG9SVFKIh87g&amp;oh=00_AfsyXgm6D4JgXmBCmDD65CEauLSuXbA4qq31yunOZaDllg&amp;oe=69858209&quot;,&quot;150&quot;:&quot;https:\\\/\\\/scontent-ord5-1.cdninstagram.com\\\/v\\\/t51.75761-15\\\/495604429_17918782707089724_3866885550240768643_n.jpg?stp=dst-jpg_e35_tt6&amp;_nc_cat=111&amp;ccb=7-5&amp;_nc_sid=18de74&amp;efg=eyJlZmdfdGFnIjoiRkVFRC5iZXN0X2ltYWdlX3VybGdlbi5DMyJ9&amp;_nc_ohc=giKojesqAs8Q7kNvwEtM_1S&amp;_nc_oc=AdlA-LLFE35mJlzHDKjaVJMecwRCpQhNIF2Rg_uHHOwe15_T15OHlJXrtbn4R0mrmoA&amp;_nc_zt=23&amp;_nc_ht=scontent-ord5-1.cdninstagram.com&amp;edm=ANo9K5cEAAAA&amp;_nc_gid=0rH1hVWV--nG9SVFKIh87g&amp;oh=00_AfsyXgm6D4JgXmBCmDD65CEauLSuXbA4qq31yunOZaDllg&amp;oe=69858209&quot;,&quot;320&quot;:&quot;https:\\\/\\\/scontent-ord5-1.cdninstagram.com\\\/v\\\/t51.75761-15\\\/495604429_17918782707089724_3866885550240768643_n.jpg?stp=dst-jpg_e35_tt6&amp;_nc_cat=111&amp;ccb=7-5&amp;_nc_sid=18de74&amp;efg=eyJlZmdfdGFnIjoiRkVFRC5iZXN0X2ltYWdlX3VybGdlbi5DMyJ9&amp;_nc_ohc=giKojesqAs8Q7kNvwEtM_1S&amp;_nc_oc=AdlA-LLFE35mJlzHDKjaVJMecwRCpQhNIF2Rg_uHHOwe15_T15OHlJXrtbn4R0mrmoA&amp;_nc_zt=23&amp;_nc_ht=scontent-ord5-1.cdninstagram.com&amp;edm=ANo9K5cEAAAA&amp;_nc_gid=0rH1hVWV--nG9SVFKIh87g&amp;oh=00_AfsyXgm6D4JgXmBCmDD65CEauLSuXbA4qq31yunOZaDllg&amp;oe=69858209&quot;,&quot;640&quot;:&quot;https:\\\/\\\/scontent-ord5-1.cdninstagram.com\\\/v\\\/t51.75761-15\\\/495604429_17918782707089724_3866885550240768643_n.jpg?stp=dst-jpg_e35_tt6&amp;_nc_cat=111&amp;ccb=7-5&amp;_nc_sid=18de74&amp;efg=eyJlZmdfdGFnIjoiRkVFRC5iZXN0X2ltYWdlX3VybGdlbi5DMyJ9&amp;_nc_ohc=giKojesqAs8Q7kNvwEtM_1S&amp;_nc_oc=AdlA-LLFE35mJlzHDKjaVJMecwRCpQhNIF2Rg_uHHOwe15_T15OHlJXrtbn4R0mrmoA&amp;_nc_zt=23&amp;_nc_ht=scontent-ord5-1.cdninstagram.com&amp;edm=ANo9K5cEAAAA&amp;_nc_gid=0rH1hVWV--nG9SVFKIh87g&amp;oh=00_AfsyXgm6D4JgXmBCmDD65CEauLSuXbA4qq31yunOZaDllg&amp;oe=69858209&quot;}\">\n            <span class=\"sbi-screenreader\">La estrella boricua se convirti\u00f3 en el primer lat<\/span>\n            \t                    <img decoding=\"async\" src=\"https:\/\/ritmohits.com\/wp-content\/plugins\/instagram-feed\/img\/placeholder.png\" alt=\"La estrella boricua se convirti\u00f3 en el primer latino con tres noches llenas en el Intuit Dome de Los \u00c1ngeles. \ud83c\udf06\n\nEscuchanos 24\/7 y el Gospel Soundtrack domingos de 5am - 10am\">\n        <\/a>\n    <\/div>\n<\/div>    <\/div>\n\n\t<div id=\"sbi_load\" >\n\n\t\t\t<a class=\"sbi_load_btn\" href=\"javascript:void(0);\">\n\t\t\t<span class=\"sbi_btn_text\">Load More<\/span>\n\t\t\t<span class=\"sbi_loader sbi_hidden\" style=\"background-color: rgb(255, 255, 255);\" aria-hidden=\"true\"><\/span>\n\t\t<\/a>\n\t\n\t\t\t<span class=\"sbi_follow_btn sbi_custom\">\n        <a href=\"https:\/\/www.instagram.com\/ritmohitsfm\/\" style=\"background: rgb(98,31,188);\" target=\"_blank\" rel=\"nofollow noopener\">\n            <svg class=\"svg-inline--fa fa-instagram fa-w-14\" aria-hidden=\"true\" data-fa-processed=\"\" aria-label=\"Instagram\" data-prefix=\"fab\" data-icon=\"instagram\" role=\"img\" viewBox=\"0 0 448 512\">\n\t                <path fill=\"currentColor\" d=\"M224.1 141c-63.6 0-114.9 51.3-114.9 114.9s51.3 114.9 114.9 114.9S339 319.5 339 255.9 287.7 141 224.1 141zm0 189.6c-41.1 0-74.7-33.5-74.7-74.7s33.5-74.7 74.7-74.7 74.7 33.5 74.7 74.7-33.6 74.7-74.7 74.7zm146.4-194.3c0 14.9-12 26.8-26.8 26.8-14.9 0-26.8-12-26.8-26.8s12-26.8 26.8-26.8 26.8 12 26.8 26.8zm76.1 27.2c-1.7-35.9-9.9-67.7-36.2-93.9-26.2-26.2-58-34.4-93.9-36.2-37-2.1-147.9-2.1-184.9 0-35.8 1.7-67.6 9.9-93.9 36.1s-34.4 58-36.2 93.9c-2.1 37-2.1 147.9 0 184.9 1.7 35.9 9.9 67.7 36.2 93.9s58 34.4 93.9 36.2c37 2.1 147.9 2.1 184.9 0 35.9-1.7 67.7-9.9 93.9-36.2 26.2-26.2 34.4-58 36.2-93.9 2.1-37 2.1-147.8 0-184.8zM398.8 388c-7.8 19.6-22.9 34.7-42.6 42.6-29.5 11.7-99.5 9-132.1 9s-102.7 2.6-132.1-9c-19.6-7.8-34.7-22.9-42.6-42.6-11.7-29.5-9-99.5-9-132.1s-2.6-102.7 9-132.1c7.8-19.6 22.9-34.7 42.6-42.6 29.5-11.7 99.5-9 132.1-9s102.7-2.6 132.1 9c19.6 7.8 34.7 22.9 42.6 42.6 11.7 29.5 9 99.5 9 132.1s2.7 102.7-9 132.1z\"><\/path>\n\t            <\/svg>            <span>Follow on Instagram<\/span>\n        <\/a>\n    <\/span>\n\t\n<\/div>\n\n\t    <span class=\"sbi_resized_image_data\" data-feed-id=\"*1\" data-resized=\"{&quot;18093522703574328&quot;:{&quot;id&quot;:&quot;495348313_17918783595089724_4080527579841184549_n&quot;,&quot;ratio&quot;:&quot;1.00&quot;,&quot;sizes&quot;:{&quot;full&quot;:640,&quot;low&quot;:320,&quot;thumb&quot;:150},&quot;extension&quot;:&quot;.webp&quot;},&quot;17887269372147678&quot;:{&quot;id&quot;:&quot;495604429_17918782707089724_3866885550240768643_n&quot;,&quot;ratio&quot;:&quot;1.00&quot;,&quot;sizes&quot;:{&quot;full&quot;:640,&quot;low&quot;:320,&quot;thumb&quot;:150},&quot;extension&quot;:&quot;.webp&quot;},&quot;18102885220748585&quot;:{&quot;id&quot;:&quot;608850502_17946235287089724_5540452455747438596_n&quot;,&quot;ratio&quot;:&quot;0.81&quot;,&quot;sizes&quot;:{&quot;full&quot;:640,&quot;low&quot;:320,&quot;thumb&quot;:150},&quot;extension&quot;:&quot;.webp&quot;}}\">\n\t<\/span>\n\t<\/div>\n\n\t<style type=\"text\/css\">\n\t\t\t\t\n\t\t#sb_instagram .sbi_follow_btn a:hover,\n\t\t#sb_instagram .sbi_follow_btn a:focus{\n\t\t\toutline: none;\n\t\t\tbox-shadow: inset 0 0 10px 20px #621FBC;\n\t\t}\n\t\t\t<\/style>\n\t\t\t\t\t<\/div>\n\t\t\t\t<\/div>\n\t\t\t\t\t<\/div>\n\t\t\t\t<\/div>\n\t\t\t\t<\/div>\n\t\t","protected":false},"excerpt":{"rendered":"<p>ESCUCHA EN VIVO TUS \u00c9XITOS FAVORITOS ritmohitsfm \ud83c\udfa7 Con tus \u00e9xitos favoritos \ud83c\udfa7 M\u00fasica, noticias, conciertos y m\u00e1s. Instagram post 18102885220748585 La cantante estuvo presente en la presentaci\u00f3n de La estrella boricua se convirti\u00f3 en el primer lat Load More Follow on Instagram<\/p>\n","protected":false},"author":1,"featured_media":0,"parent":0,"menu_order":0,"comment_status":"closed","ping_status":"closed","template":"elementor_header_footer","meta":{"footnotes":""},"class_list":["post-625","page","type-page","status-publish","hentry"],"_links":{"self":[{"href":"https:\/\/ritmohits.com\/index.php?rest_route=\/wp\/v2\/pages\/625","targetHints":{"allow":["GET"]}}],"collection":[{"href":"https:\/\/ritmohits.com\/index.php?rest_route=\/wp\/v2\/pages"}],"about":[{"href":"https:\/\/ritmohits.com\/index.php?rest_route=\/wp\/v2\/types\/page"}],"author":[{"embeddable":true,"href":"https:\/\/ritmohits.com\/index.php?rest_route=\/wp\/v2\/users\/1"}],"replies":[{"embeddable":true,"href":"https:\/\/ritmohits.com\/index.php?rest_route=%2Fwp%2Fv2%2Fcomments&post=625"}],"version-history":[{"count":61,"href":"https:\/\/ritmohits.com\/index.php?rest_route=\/wp\/v2\/pages\/625\/revisions"}],"predecessor-version":[{"id":726,"href":"https:\/\/ritmohits.com\/index.php?rest_route=\/wp\/v2\/pages\/625\/revisions\/726"}],"wp:attachment":[{"href":"https:\/\/ritmohits.com\/index.php?rest_route=%2Fwp%2Fv2%2Fmedia&parent=625"}],"curies":[{"name":"wp","href":"https:\/\/api.w.org\/{rel}","templated":true}]}}